{"id":30,"date":"2021-08-23T13:37:30","date_gmt":"2021-08-23T13:37:30","guid":{"rendered":"https:\/\/staging.trueffel.ch\/?page_id=30"},"modified":"2021-08-23T13:37:30","modified_gmt":"2021-08-23T13:37:30","slug":"vertrauen","status":"publish","type":"page","link":"https:\/\/trueffel.ch\/","title":{"rendered":"Vertrauen"},"content":{"rendered":"\n<h1 class=\"wp-block-heading\" id=\"trust\" style=\"font-size:24px\">Was hat Tr\u00fcffel kaufen mit Vertrauen zu tun?<\/h1>\n\n\n\n<p style=\"line-height:1.8\">Unsere Tr\u00fcffel stammen aus der <strong>Umgebung<\/strong> von <strong>Acqualagna,<\/strong> einem der wenigen Orte weltweit wo <strong>s\u00e4mtliche<\/strong> begehrten <strong>Tr\u00fcffelsorten<\/strong> (Weisse Tr\u00fcffel, P\u00e9rigord Tr\u00fcffel, Sommertr\u00fcffel, Bianchetto u.a.) in international anerkannter Qualit\u00e4t zu finden sind. Acqualagna wird zu Recht als Hauptstadt des weissen Tr\u00fcffels bezeichnet, da regelm\u00e4ssig die gr\u00f6ssten und besten Exemplare in der n\u00e4heren Umgebung gefunden werden. Beweise?<\/p>\n\n\n\n<p>Googeln Sie: <a rel=\"noreferrer noopener\" href=\"https:\/\/www.google.ch\/search?q=obama+acqualagna&amp;ie=utf-8&amp;oe=utf-8&amp;gws_rd=cr&amp;ei=UvXnVcr_K4TdUf78j9AG\" target=\"_blank\">obama acqualagna.<\/a><\/p>\n\n\n\n<figure class=\"wp-block-image size-large is-style-default\"><img decoding=\"async\" src=\"https:\/\/trueffel.ch\/wp-content\/uploads\/2016\/03\/06-1024x682.jpg\" alt=\"Paolo Marini\" class=\"wp-image-29\"\/><figcaption>Paolo Marini mit heissbegehrten \u00fcber 1000 g schweren weissen Tr\u00fcffeln.<\/figcaption><\/figure>\n","protected":false},"excerpt":{"rendered":"<p>Was hat Tr\u00fcffel kaufen mit Vertrauen zu tun? Unsere Tr\u00fcffel stammen aus der Umgebung von Acqualagna, einem der wenigen Orte weltweit wo s\u00e4mtliche begehrten Tr\u00fcffelsorten (Weisse Tr\u00fcffel, P\u00e9rigord Tr\u00fcffel, Sommertr\u00fcffel, Bianchetto u.a.) in international anerkannter Qualit\u00e4t zu finden sind. Acqualagna wird zu Recht als Hauptstadt des weissen Tr\u00fcffels bezeichnet, da regelm\u00e4ssig die gr\u00f6ssten und besten &hellip; <\/p>\n<p class=\"link-more\"><a href=\"https:\/\/trueffel.ch\/\" class=\"more-link\"><span class=\"screen-reader-text\">\u201eVertrauen\u201c <\/span>weiterlesen<\/a><\/p>\n","protected":false},"author":1,"featured_media":0,"parent":0,"menu_order":0,"comment_status":"closed","ping_status":"closed","template":"","meta":{"footnotes":""},"class_list":["post-30","page","type-page","status-publish","hentry"],"_links":{"self":[{"href":"https:\/\/trueffel.ch\/index.php?rest_route=\/wp\/v2\/pages\/30","targetHints":{"allow":["GET"]}}],"collection":[{"href":"https:\/\/trueffel.ch\/index.php?rest_route=\/wp\/v2\/pages"}],"about":[{"href":"https:\/\/trueffel.ch\/index.php?rest_route=\/wp\/v2\/types\/page"}],"author":[{"embeddable":true,"href":"https:\/\/trueffel.ch\/index.php?rest_route=\/wp\/v2\/users\/1"}],"replies":[{"embeddable":true,"href":"https:\/\/trueffel.ch\/index.php?rest_route=%2Fwp%2Fv2%2Fcomments&post=30"}],"version-history":[{"count":1,"href":"https:\/\/trueffel.ch\/index.php?rest_route=\/wp\/v2\/pages\/30\/revisions"}],"predecessor-version":[{"id":31,"href":"https:\/\/trueffel.ch\/index.php?rest_route=\/wp\/v2\/pages\/30\/revisions\/31"}],"wp:attachment":[{"href":"https:\/\/trueffel.ch\/index.php?rest_route=%2Fwp%2Fv2%2Fmedia&parent=30"}],"curies":[{"name":"wp","href":"https:\/\/api.w.org\/{rel}","templated":true}]}}